{"id":2039,"date":"2021-04-22T23:37:34","date_gmt":"2021-04-22T21:37:34","guid":{"rendered":"https:\/\/infinite-blocks.de\/?page_id=2039"},"modified":"2025-12-23T21:24:52","modified_gmt":"2025-12-23T20:24:52","slug":"terms-of-service","status":"publish","type":"page","link":"https:\/\/infinite-blocks.de\/de\/legal\/terms-of-service\/","title":{"rendered":"Terms and Conditions"},"content":{"rendered":"<p><a href=\"#german\">German \u2193<\/a><\/p>\n\n\n\n<p>\u00a7 1 Scope of application, customer information<br>The following general terms and conditions (GTC) govern the contractual relationship between the sole proprietorship: \u2018InfiniteBlocks\u2019 c\/o Postflex #7104 (InfiniteBlocks) and consumers and entrepreneurs who purchase goods in our shop. We do not recognise any terms and conditions that conflict with or deviate from our terms and conditions. The contract language is German.<br><br>\u00a7 2 Conclusion of contract<br>(1) The offers on the Internet constitute a binding offer to you to buy goods.<br>(2) You can put one or more products into the shopping cart. During the ordering process, you enter your data and requests regarding payment method, etc. Only by clicking the order button you accept the offer to conclude a purchase contract. The products are then provided for immediate download.<br><br>\u00a7 3 Time limit for downloads<br>After activation, you can only download the product within the following time limit: 365.<br><br>\u00a7 4 Number of downloads<br>The number of downloads is limited.<br><br>\u00a7 5 Regulation of the right of use<br>You are only entitled to make private copies on other storage media. Further distribution, transfer, transmission or sub-licencing is not permitted.<br><br>\u00a7 6 Customer information: Storage of the contract text<br>We store your order with details of the contract concluded (e.g. type of product, price, etc.). We send you the terms and conditions, but you can also access them at any time via our website even after the contract has been concluded. As a registered customer, you can access your past orders via the customer login area (My Account icon).<br><br>\u00a7 7 Customer Information: Correction Notice<br>You can correct your entries at any time before placing the order by using the backspace key. We will inform you of further correction options as you proceed through the ordering process. You can also end the ordering process completely at any time by closing the browser window.<br><br>\u00a7 8 Customer information: Code of Conduct<br>We have submitted to the following code of conduct: https:\/\/www.ehi-siegel.de\/<br><br>\u00a7 9 Legal liability for defects<br>Statutory rights of liability for defects apply to our goods.<br><br>\u00a7 10 Limitation of liability<br>We exclude liability for slightly negligent breaches of duty, provided these do not relate to material contractual obligations, damages resulting from injury to life, limb or health, or guarantees. The same applies to breaches of duty by our agents and our legal representatives. The essential contractual obligations include, in particular, the obligation to provide you with goods that are free of defects.<br>This document was created and is updated using the technology of <a href=\"https:\/\/www.janolaw.de\/\" target=\"_blank\" rel=\"noreferrer noopener\">janolaw GmbH<\/a>.<\/p>\n\n\n\n<h1 class=\"wp-block-heading\" id=\"german\">Allgemeine Gesch\u00e4ftsbedingungen (AGB)<\/h1>\n\n\n\n<h3 class=\"wp-block-heading\">\u00a7 1 Geltungsbereich, Kundeninformationen<\/h3>\n\n\n\n<p>Die folgenden allgemeinen Gesch\u00e4ftsbedingungen (AGB) regeln das Vertragsverh\u00e4ltnis zwischen Einzelunternehmen (Gewerbetreibender): InfiniteBlocks c\/o Postflex #7104 (InfiniteBlocks) und den Verbrauchern und Unternehmern, die \u00fcber den Shop Waren kaufen. Entgegenstehende oder von den Gesch\u00e4ftsbedingungen abweichende Bedingungen werden nicht anerkannt. Die Vertragssprache ist Deutsch.<\/p>\n\n\n\n<h3 class=\"wp-block-heading\">\u00a7 2 Vertragsschluss<\/h3>\n\n\n\n<p>(1) Die Angebote im Internet stellen ein verbindliches Angebot an Sie dar, Waren zu kaufen.<br>(2) Sie k\u00f6nnen ein oder mehrere Produkte in den Warenkorb legen. Im Laufe des Bestellprozesses geben Sie Ihre Daten und W\u00fcnsche bzgl. Zahlungsart etc. ein. Erst mit dem Anklicken des Bestellbuttons nehmen Sie das Angebot auf Abschluss eines Kaufvertrags an. Die Produkte werden danach zum sofortigen Download bereitgestellt.<\/p>\n\n\n\n<h3 class=\"wp-block-heading\">\u00a7 3 Zeitliche Begrenzung des Downloads<\/h3>\n\n\n\n<p>Sie k\u00f6nnen das Produkt nach der Freischaltung nur innerhalb der zeitlichen Begrenzung eines Jahres (365 Tage) herunterladen.<\/p>\n\n\n\n<h3 class=\"wp-block-heading\">\u00a7 4 Downloadanzahl<\/h3>\n\n\n\n<p>Die Anzahl der Downloads ist auf 2, maximal 3 begrenzt.<\/p>\n\n\n\n<h3 class=\"wp-block-heading\">\u00a7 5 Regelung des Nutzungsrechts<\/h3>\n\n\n\n<p>Mit dem Kauf erwirbt der K\u00e4ufer nicht das Produkt selbst, sondern nur eine Lizenz dessen, um das Produkt zu aufgef\u00fchrten Bedingungen nutzen zu k\u00f6nnen.<br>Wenn Sie die Lizenzgeb\u00fchr bezahlen und dem Verwender Ihr Einverst\u00e4ndnis geben, die Bedingungen der Lizenz einzuhalten, verleiht der Verwender Ihnen eine nicht ausschlie\u00dfliche, nicht \u00fcbertragbare Lizenz, die Artikel zu verwenden.<br>Sie sind berechtigt, das Produkt herunterzuladen, zu installieren und f\u00fcr pers\u00f6nliche Zwecke, falls Sie ein Endverbraucher sind, oder Gesch\u00e4ftszwecke, falls Sie ein Unternehmen sind, zu verwenden.<br>Sie sind lediglich berechtigt, Privatkopien auf anderen Tr\u00e4germedien anzufertigen. Der Weitervertrieb, die Weitergabe, die R\u00fcckentwicklung, Abwandlung, \u00dcbertragung, und die Unterlizenzierung sind verboten.<\/p>\n\n\n\n<h3 class=\"wp-block-heading\">\u00a7 6 Kundeninformation: Speicherung des Vertragstextes<\/h3>\n\n\n\n<p>Ihre Bestellung mit Einzelheiten zum geschlossenen Vertrag (z.B. Art des Produkts, Preis etc.) wird gespeichert. Die AGB werden Ihnen zugeschickt, Sie k\u00f6nnen die AGB aber auch nach Vertragsschluss jederzeit \u00fcber die Webseite aufrufen. Als registrierter Kunde k\u00f6nnen Sie auf Ihre vergangenen Bestellungen \u00fcber den Kunden LogIn-Bereich (My Account Icon) zugreifen.<\/p>\n\n\n\n<h3 class=\"wp-block-heading\">\u00a7 7 Kundeninformation: Korrekturhinweis<\/h3>\n\n\n\n<p>Sie k\u00f6nnen Ihre Eingaben vor Abgabe der Bestellung jederzeit mit der L\u00f6schtaste berichtigen. Sie werden auf dem Weg durch den Bestellprozess \u00fcber weitere Korrekturm\u00f6glichkeiten informiert. Den Bestellprozess k\u00f6nnen Sie auch jederzeit durch Schlie\u00dfen des Browser-Fensters komplett beenden.<\/p>\n\n\n\n<h3 class=\"wp-block-heading\">\u00a7 8 Kundeninformation: Verhaltenskodex<\/h3>\n\n\n\n<p>Die Website unterliegt folgendem Verhaltenskodex: https:\/\/www.ehi-siegel.de\/<\/p>\n\n\n\n<h3 class=\"wp-block-heading\">\u00a7 9 Gesetzliche M\u00e4ngelhaftungsrechte<\/h3>\n\n\n\n<p>F\u00fcr die Waren bestehen gesetzliche M\u00e4ngelhaftungsrechte.<\/p>\n\n\n\n<h3 class=\"wp-block-heading\">\u00a7 10 Haftungsbeschr\u00e4nkung<\/h3>\n\n\n\n<p>Die Haftung f\u00fcr leicht fahrl\u00e4ssige Pflichtverletzungen ist ausgeschlossen, sofern diese keine vertragswesentlichen Pflichten, Sch\u00e4den aus der Verletzung des Lebens, des K\u00f6rpers oder der Gesundheit, oder Garantien betreffen. Gleiches gilt f\u00fcr Pflichtverletzungen von Erf\u00fcllungsgehilfen und gesetzlichen Vertretern. Zu den vertragswesentlichen Pflichten geh\u00f6rt insbesondere die Pflicht, Ihnen die Ware mangelfrei zur Verf\u00fcgung zu stellen.<\/p>\n\n\n\n<h3 class=\"wp-block-heading\">\u00a7 11 Klausel<\/h3>\n\n\n\n<p>Sollten einzelne Bestimmungen dieses Vertrages unwirksam oder undurchf\u00fchrbar sein oder nach Vertragsschluss unwirksam oder undurchf\u00fchrbar werden, bleibt davon die Wirksamkeit des Vertrages im \u00dcbrigen unber\u00fchrt. An die Stelle der unwirksamen oder undurchf\u00fchrbaren Bestimmung soll diejenige wirksame und durchf\u00fchrbare Regelung treten, deren Wirkungen der wirtschaftlichen Zielsetzung am n\u00e4chsten kommen, die die Vertragsparteien mit der unwirksamen bzw. undurchf\u00fchrbaren Bestimmung verfolgt haben. Die vorstehenden Bestimmungen gelten entsprechend f\u00fcr den Fall, dass sich der Vertrag als l\u00fcckenhaft erweist<\/p>\n\n\n\n<h3 class=\"wp-block-heading\">\u00a7 12 Kundeninformation: Drittanbieter-Bewertungen<\/h3>\n\n\n\n<p>Es ist wichtig, dass Bewertungen den bestm\u00f6glichen Eindruck von unseren Produkten und Dienstleistungen vermitteln. Bewertungen werden daher unparteiisch von Trustprofile teilweise verwaltet. Trustprofile hat Ma\u00dfnahmen ergriffen, um die Authentizit\u00e4t der Bewertungen zu gew\u00e4hrleisten. \u00dcber diese Ma\u00dfnahmen k\u00f6nnen Sie sich hier informieren.<br>Kunden werden f\u00fcr das Verfassen von Bewertungen nicht belohnt. Es werden keine Rabatte oder andere Geschenke gew\u00e4hrt.<\/p>\n\n\n\n<p><\/p>","protected":false},"excerpt":{"rendered":"<p>German \u2193 \u00a7 1 Scope of application, customer informationThe following general terms and conditions (GTC) govern the contractual relationship between the sole proprietorship: \u2018InfiniteBlocks\u2019 c\/o Postflex #7104 (InfiniteBlocks) and consumers and entrepreneurs who purchase goods in our shop. We do not recognise any terms and conditions that conflict with or deviate from our terms and [&hellip;]<\/p>\n","protected":false},"author":1,"featured_media":7847,"parent":2037,"menu_order":0,"comment_status":"closed","ping_status":"closed","template":"","meta":{"_uag_custom_page_level_css":"","footnotes":""},"coauthors":[99],"class_list":["post-2039","page","type-page","status-publish","has-post-thumbnail","hentry"],"uagb_featured_image_src":{"full":["https:\/\/infinite-blocks.de\/wp-content\/uploads\/2023\/12\/Plot_GG-Office-product-10.webp",1920,1080,false],"thumbnail":["https:\/\/infinite-blocks.de\/wp-content\/uploads\/2023\/12\/Plot_GG-Office-product-10-300x300.webp",300,300,true],"medium":["https:\/\/infinite-blocks.de\/wp-content\/uploads\/2023\/12\/Plot_GG-Office-product-10-600x338.webp",600,338,true],"medium_large":["https:\/\/infinite-blocks.de\/wp-content\/uploads\/2023\/12\/Plot_GG-Office-product-10-768x432.webp",768,432,true],"large":["https:\/\/infinite-blocks.de\/wp-content\/uploads\/2023\/12\/Plot_GG-Office-product-10-1024x576.webp",1024,576,true],"1536x1536":["https:\/\/infinite-blocks.de\/wp-content\/uploads\/2023\/12\/Plot_GG-Office-product-10-1536x864.webp",1536,864,true],"2048x2048":["https:\/\/infinite-blocks.de\/wp-content\/uploads\/2023\/12\/Plot_GG-Office-product-10.webp",1920,1080,false],"trp-custom-language-flag":["https:\/\/infinite-blocks.de\/wp-content\/uploads\/2023\/12\/Plot_GG-Office-product-10.webp",18,10,false],"woocommerce_thumbnail":["https:\/\/infinite-blocks.de\/wp-content\/uploads\/2023\/12\/Plot_GG-Office-product-10-600x338.webp",600,338,true],"woocommerce_single":["https:\/\/infinite-blocks.de\/wp-content\/uploads\/2023\/12\/Plot_GG-Office-product-10-600x338.webp",600,338,true],"woocommerce_gallery_thumbnail":["https:\/\/infinite-blocks.de\/wp-content\/uploads\/2023\/12\/Plot_GG-Office-product-10-100x100.webp",100,100,true]},"uagb_author_info":{"display_name":"Simon","author_link":"https:\/\/infinite-blocks.de\/de\/author\/simon\/"},"uagb_comment_info":0,"uagb_excerpt":"German \u2193 \u00a7 1 Scope of application, customer informationThe following general terms and conditions (GTC) govern the contractual relationship between the sole proprietorship: \u2018InfiniteBlocks\u2019 c\/o Postflex #7104 (InfiniteBlocks) and consumers and entrepreneurs who purchase goods in our shop. We do not recognise any terms and conditions that conflict with or deviate from our terms and&hellip;","_links":{"self":[{"href":"https:\/\/infinite-blocks.de\/de\/wp-json\/wp\/v2\/pages\/2039","targetHints":{"allow":["GET"]}}],"collection":[{"href":"https:\/\/infinite-blocks.de\/de\/wp-json\/wp\/v2\/pages"}],"about":[{"href":"https:\/\/infinite-blocks.de\/de\/wp-json\/wp\/v2\/types\/page"}],"author":[{"embeddable":true,"href":"https:\/\/infinite-blocks.de\/de\/wp-json\/wp\/v2\/users\/1"}],"replies":[{"embeddable":true,"href":"https:\/\/infinite-blocks.de\/de\/wp-json\/wp\/v2\/comments?post=2039"}],"version-history":[{"count":30,"href":"https:\/\/infinite-blocks.de\/de\/wp-json\/wp\/v2\/pages\/2039\/revisions"}],"predecessor-version":[{"id":9404,"href":"https:\/\/infinite-blocks.de\/de\/wp-json\/wp\/v2\/pages\/2039\/revisions\/9404"}],"up":[{"embeddable":true,"href":"https:\/\/infinite-blocks.de\/de\/wp-json\/wp\/v2\/pages\/2037"}],"wp:featuredmedia":[{"embeddable":true,"href":"https:\/\/infinite-blocks.de\/de\/wp-json\/wp\/v2\/media\/7847"}],"wp:attachment":[{"href":"https:\/\/infinite-blocks.de\/de\/wp-json\/wp\/v2\/media?parent=2039"}],"wp:term":[{"taxonomy":"author","embeddable":true,"href":"https:\/\/infinite-blocks.de\/de\/wp-json\/wp\/v2\/coauthors?post=2039"}],"curies":[{"name":"wp","href":"https:\/\/api.w.org\/{rel}","templated":true}]}}