{"id":4836,"date":"2021-07-01T17:52:14","date_gmt":"2021-07-01T15:52:14","guid":{"rendered":"https:\/\/infinite-blocks.de\/?page_id=4836"},"modified":"2025-12-23T21:38:09","modified_gmt":"2025-12-23T20:38:09","slug":"refund-policy","status":"publish","type":"page","link":"https:\/\/infinite-blocks.de\/de\/legal\/refund-policy\/","title":{"rendered":"Refund and Return Policy"},"content":{"rendered":"<p><a href=\"#german\">German \u2193<\/a><\/p>\n\n\n\n<p class=\"has-medium-font-size\"><em>As of: 13.11.2025<\/em><\/p>\n\n\n\n<h3 class=\"wp-block-heading\"><strong>Right of cancellation<\/strong><\/h3>\n\n\n\n<p>You have the right to withdraw from this contract within fourteen days without giving any reason, except for custom-made products in the \u2018Tailor\u2019 category.<br>The cancellation period will expire after 14 days from the day of the conclusion of the contract.<br>To exercise the right of cancellation, you must inform us (sole proprietorship (trader): InfiniteBlocks c\/o Postflex #7104, Emsdettener Stra\u00dfe 10, 48268 Greven, contact@infinite -blocks.de, phone: 015153207390) of your decision to withdraw from this contract by means of a clear declaration (e.g. a letter sent by post, fax or email). You can use <a href=\"https:\/\/infinite-blocks.de\/wp-content\/uploads\/2025\/11\/widerrufsformular-en.pdf\">the attached model withdrawal form<\/a> for this, but this is not mandatory.<br>To meet the cancellation deadline, it is sufficient for you to send your communication concerning your exercise of the right of cancellation before the cancellation period has expired.<\/p>\n\n\n\n<div class=\"wp-block-uagb-info-box uagb-block-2b9df4ae uagb-infobox__content-wrap  uagb-infobox-icon-above-title uagb-infobox-image-valign-top\"><div class=\"uagb-ifb-content\"><div class=\"uagb-ifb-icon-wrap\"><svg xmlns=\"https:\/\/www.w3.org\/2000\/svg\" viewbox=\"0 0 512 512\"><path d=\"M506.3 417l-213.3-364c-16.33-28-57.54-28-73.98 0l-213.2 364C-10.59 444.9 9.849 480 42.74 480h426.6C502.1 480 522.6 445 506.3 417zM232 168c0-13.25 10.75-24 24-24S280 154.8 280 168v128c0 13.25-10.75 24-23.1 24S232 309.3 232 296V168zM256 416c-17.36 0-31.44-14.08-31.44-31.44c0-17.36 14.07-31.44 31.44-31.44s31.44 14.08 31.44 31.44C287.4 401.9 273.4 416 256 416z\"><\/path><\/svg><\/div><div class=\"uagb-ifb-title-wrap\"><h4 class=\"uagb-ifb-title\">Warning<\/h4><\/div><p class=\"uagb-ifb-desc\">The purchase of digital downloads from the InfiniteBlocks store are deemed a supply of Goods which according to their nature are not suitable to be returned. The only case of a possible return is when claiming a mispurchase <strong>within the 14-day right of cancellation without prior download<\/strong>.<\/p><\/div><\/div>\n\n\n\n<h3 class=\"wp-block-heading\"><strong>Consequences of cancellation<\/strong><\/h3>\n\n\n\n<p>If you cancel this contract, we will reimburse to you all payments received from you, including the costs of delivery (except for the supplementary costs arising if you choose a different method of delivery to the least expensive type of standard delivery offered by us), without undue delay and in any event not later than 14 days from the day on which we are informed about your decision to withdraw from this contract. We will carry out such reimbursement using the same means of payment as you used for the initial transaction, unless you have expressly agreed otherwise; in any event, you will not incur any fees as a result of such reimbursement.<br>Your download link will be made inaccesible from your user account. License permissions granted by the contract will be revoked. <\/p>\n\n\n\n<h1 class=\"wp-block-heading\" id=\"german\">R\u00fcckgabe- und Erstattungsrichtlinie<\/h1>\n\n\n\n<p class=\"has-medium-font-size\"><em>Stand: 13.11.2025<\/em><\/p>\n\n\n\n<h3 class=\"wp-block-heading\">Widerrufsrecht<\/h3>\n\n\n\n<p>Sie haben das Recht, binnen vierzehn Tagen ohne Angabe von Gr\u00fcnden diesen Vertrag zu widerrufen, ausgeschlossen bei Spezialanfertigungen der Kategorie &#8216;Tailor&#8217;.<br>Die Widerrufsfrist betr\u00e4gt vierzehn Tage ab dem Tag des Vertragsabschlusses.<br>Um Ihr Widerrufsrecht auszu\u00fcben, m\u00fcssen Sie uns (Einzelunternehmen (Gewerbetreibender): InfiniteBlocks c\/o Postflex #7104, Emsdettener Stra\u00dfe 10, 48268 Greven, contact@infinite-blocks.de, Telefon: 015153207390) mittels einer eindeutigen Erkl\u00e4rung (z.B. ein mit der Post versandter Brief, Telefax oder E-Mail) \u00fcber Ihren Entschluss, diesen Vertrag zu widerrufen, informieren. Sie k\u00f6nnen daf\u00fcr das <a href=\"https:\/\/infinite-blocks.de\/wp-content\/uploads\/2025\/11\/widerrufsformular-de.pdf\">beigef\u00fcgte Muster-Widerrufsformular<\/a> verwenden, das jedoch nicht vorgeschrieben ist.<br>Zur Wahrung der Widerrufsfrist reicht es aus, dass Sie die Mitteilung \u00fcber die Aus\u00fcbung des Widerrufsrechts vor Ablauf der Widerrufsfrist absenden.<\/p>\n\n\n\n<div class=\"wp-block-uagb-info-box uagb-block-5120f1ad uagb-infobox__content-wrap  uagb-infobox-icon-above-title uagb-infobox-image-valign-top\"><div class=\"uagb-ifb-content\"><div class=\"uagb-ifb-icon-wrap\"><svg xmlns=\"https:\/\/www.w3.org\/2000\/svg\" viewbox=\"0 0 512 512\"><path d=\"M506.3 417l-213.3-364c-16.33-28-57.54-28-73.98 0l-213.2 364C-10.59 444.9 9.849 480 42.74 480h426.6C502.1 480 522.6 445 506.3 417zM232 168c0-13.25 10.75-24 24-24S280 154.8 280 168v128c0 13.25-10.75 24-23.1 24S232 309.3 232 296V168zM256 416c-17.36 0-31.44-14.08-31.44-31.44c0-17.36 14.07-31.44 31.44-31.44s31.44 14.08 31.44 31.44C287.4 401.9 273.4 416 256 416z\"><\/path><\/svg><\/div><div class=\"uagb-ifb-title-wrap\"><h4 class=\"uagb-ifb-title\">Warnung<\/h4><\/div><p class=\"uagb-ifb-desc\">Der Kauf von digitalen Downloads im InfiniteBlocks-Shop gilt als Lieferung von Waren, die aufgrund ihrer Beschaffenheit nicht zur R\u00fcckgabe geeignet sind. Eine R\u00fcckgabe ist nur m\u00f6glich, wenn <strong>innerhalb der 14-t\u00e4gigen Widerrufsfrist ohne vorherigen Download<\/strong> ein Fehlkauf geltend gemacht wird. <\/p><\/div><\/div>\n\n\n\n<h3 class=\"wp-block-heading\"><strong>Folgen des Widerrufs<\/strong><\/h3>\n\n\n\n<p>Wenn Sie diesen Vertrag widerrufen, haben wir Ihnen alle Zahlungen, die wir von Ihnen erhalten haben, einschlie\u00dflich der Lieferkosten (mit Ausnahme der zus\u00e4tzlichen Kosten, die sich daraus ergeben, dass Sie eine andere Art der Lieferung als die von uns angebotene, g\u00fcnstigste Standardlieferung gew\u00e4hlt haben), unverz\u00fcglich und sp\u00e4testens binnen vierzehn Tagen ab dem Tag zur\u00fcckzuzahlen, an dem die Mitteilung \u00fcber Ihren Widerruf dieses Vertrags bei uns eingegangen ist. F\u00fcr diese R\u00fcckzahlung verwenden wir dasselbe Zahlungsmittel, das Sie bei der urspr\u00fcnglichen Transaktion eingesetzt haben, es sei denn, mit Ihnen wurde ausdr\u00fccklich etwas anderes vereinbart; in keinem Fall werden Ihnen wegen dieser R\u00fcckzahlung Entgelte berechnet.<br>Ihr Download-Link wird in Ihrem Benutzerkonto gesperrt. Die durch den Vertrag gew\u00e4hrten Lizenzrechte werden widerrufen.<\/p>\n\n\n\n<p><\/p>","protected":false},"excerpt":{"rendered":"<p>German \u2193 As of: 13.11.2025 Right of cancellation You have the right to withdraw from this contract within fourteen days without giving any reason, except for custom-made products in the \u2018Tailor\u2019 category.The cancellation period will expire after 14 days from the day of the conclusion of the contract.To exercise the right of cancellation, you must [&hellip;]<\/p>\n","protected":false},"author":1,"featured_media":7847,"parent":2037,"menu_order":0,"comment_status":"closed","ping_status":"closed","template":"","meta":{"_uag_custom_page_level_css":"","footnotes":""},"coauthors":[99],"class_list":["post-4836","page","type-page","status-publish","has-post-thumbnail","hentry"],"uagb_featured_image_src":{"full":["https:\/\/infinite-blocks.de\/wp-content\/uploads\/2023\/12\/Plot_GG-Office-product-10.webp",1920,1080,false],"thumbnail":["https:\/\/infinite-blocks.de\/wp-content\/uploads\/2023\/12\/Plot_GG-Office-product-10-300x300.webp",300,300,true],"medium":["https:\/\/infinite-blocks.de\/wp-content\/uploads\/2023\/12\/Plot_GG-Office-product-10-600x338.webp",600,338,true],"medium_large":["https:\/\/infinite-blocks.de\/wp-content\/uploads\/2023\/12\/Plot_GG-Office-product-10-768x432.webp",768,432,true],"large":["https:\/\/infinite-blocks.de\/wp-content\/uploads\/2023\/12\/Plot_GG-Office-product-10-1024x576.webp",1024,576,true],"1536x1536":["https:\/\/infinite-blocks.de\/wp-content\/uploads\/2023\/12\/Plot_GG-Office-product-10-1536x864.webp",1536,864,true],"2048x2048":["https:\/\/infinite-blocks.de\/wp-content\/uploads\/2023\/12\/Plot_GG-Office-product-10.webp",1920,1080,false],"trp-custom-language-flag":["https:\/\/infinite-blocks.de\/wp-content\/uploads\/2023\/12\/Plot_GG-Office-product-10.webp",18,10,false],"woocommerce_thumbnail":["https:\/\/infinite-blocks.de\/wp-content\/uploads\/2023\/12\/Plot_GG-Office-product-10-600x338.webp",600,338,true],"woocommerce_single":["https:\/\/infinite-blocks.de\/wp-content\/uploads\/2023\/12\/Plot_GG-Office-product-10-600x338.webp",600,338,true],"woocommerce_gallery_thumbnail":["https:\/\/infinite-blocks.de\/wp-content\/uploads\/2023\/12\/Plot_GG-Office-product-10-100x100.webp",100,100,true]},"uagb_author_info":{"display_name":"Simon","author_link":"https:\/\/infinite-blocks.de\/de\/author\/simon\/"},"uagb_comment_info":0,"uagb_excerpt":"German \u2193 As of: 13.11.2025 Right of cancellation You have the right to withdraw from this contract within fourteen days without giving any reason, except for custom-made products in the \u2018Tailor\u2019 category.The cancellation period will expire after 14 days from the day of the conclusion of the contract.To exercise the right of cancellation, you must&hellip;","_links":{"self":[{"href":"https:\/\/infinite-blocks.de\/de\/wp-json\/wp\/v2\/pages\/4836","targetHints":{"allow":["GET"]}}],"collection":[{"href":"https:\/\/infinite-blocks.de\/de\/wp-json\/wp\/v2\/pages"}],"about":[{"href":"https:\/\/infinite-blocks.de\/de\/wp-json\/wp\/v2\/types\/page"}],"author":[{"embeddable":true,"href":"https:\/\/infinite-blocks.de\/de\/wp-json\/wp\/v2\/users\/1"}],"replies":[{"embeddable":true,"href":"https:\/\/infinite-blocks.de\/de\/wp-json\/wp\/v2\/comments?post=4836"}],"version-history":[{"count":17,"href":"https:\/\/infinite-blocks.de\/de\/wp-json\/wp\/v2\/pages\/4836\/revisions"}],"predecessor-version":[{"id":9406,"href":"https:\/\/infinite-blocks.de\/de\/wp-json\/wp\/v2\/pages\/4836\/revisions\/9406"}],"up":[{"embeddable":true,"href":"https:\/\/infinite-blocks.de\/de\/wp-json\/wp\/v2\/pages\/2037"}],"wp:featuredmedia":[{"embeddable":true,"href":"https:\/\/infinite-blocks.de\/de\/wp-json\/wp\/v2\/media\/7847"}],"wp:attachment":[{"href":"https:\/\/infinite-blocks.de\/de\/wp-json\/wp\/v2\/media?parent=4836"}],"wp:term":[{"taxonomy":"author","embeddable":true,"href":"https:\/\/infinite-blocks.de\/de\/wp-json\/wp\/v2\/coauthors?post=4836"}],"curies":[{"name":"wp","href":"https:\/\/api.w.org\/{rel}","templated":true}]}}