{"id":7455,"date":"2022-05-30T17:12:36","date_gmt":"2022-05-30T15:12:36","guid":{"rendered":"https:\/\/infinite-blocks.de\/review-authenticity\/"},"modified":"2025-11-14T09:22:16","modified_gmt":"2025-11-14T08:22:16","slug":"review-authenticity","status":"publish","type":"page","link":"https:\/\/infinite-blocks.de\/de\/legal\/review-authenticity\/","title":{"rendered":"Review Authenticity"},"content":{"rendered":"<p><a href=\"#german\">German \u2193<\/a><\/p>\n\n\n\n<p class=\"has-medium-font-size\"><em>As of: 14.11.2025<\/em><\/p>\n\n\n\n<p>Reviews on our website can only be submitted by customers with a registered user account, and only for products that they have actually purchased from us. The review function is therefore only activated after a purchase has been made.<\/p>\n\n\n\n<h1 class=\"wp-block-heading\" id=\"german\">Kundenbewertungsauthenzit\u00e4t<\/h1>\n\n\n\n<p class=\"has-medium-font-size\"><em>Stand: 14.11.2025<\/em><\/p>\n\n\n\n<p>Bewertungen auf unserer Website k\u00f6nnen nur von Kunden mit registriertem Nutzerkonto abgegeben werden und dies auch nur f\u00fcr Produkte, die sie tats\u00e4chlich bei uns erworben haben. Die Bewertungsfunktion wird also erst nach einem erfolgten Kauf freigeschaltet.<\/p>","protected":false},"excerpt":{"rendered":"<p>German \u2193 As of: 14.11.2025 Reviews on our website can only be submitted by customers with a registered user account, and only for products that they have actually purchased from us. The review function is therefore only activated after a purchase has been made. Kundenbewertungsauthenzit\u00e4t Stand: 14.11.2025 Bewertungen auf unserer Website k\u00f6nnen nur von Kunden [&hellip;]<\/p>\n","protected":false},"author":1,"featured_media":7847,"parent":2037,"menu_order":0,"comment_status":"closed","ping_status":"closed","template":"","meta":{"_uag_custom_page_level_css":"","footnotes":""},"coauthors":[99],"class_list":["post-7455","page","type-page","status-publish","has-post-thumbnail","hentry"],"uagb_featured_image_src":{"full":["https:\/\/infinite-blocks.de\/wp-content\/uploads\/2023\/12\/Plot_GG-Office-product-10.webp",1920,1080,false],"thumbnail":["https:\/\/infinite-blocks.de\/wp-content\/uploads\/2023\/12\/Plot_GG-Office-product-10-300x300.webp",300,300,true],"medium":["https:\/\/infinite-blocks.de\/wp-content\/uploads\/2023\/12\/Plot_GG-Office-product-10-600x338.webp",600,338,true],"medium_large":["https:\/\/infinite-blocks.de\/wp-content\/uploads\/2023\/12\/Plot_GG-Office-product-10-768x432.webp",768,432,true],"large":["https:\/\/infinite-blocks.de\/wp-content\/uploads\/2023\/12\/Plot_GG-Office-product-10-1024x576.webp",1024,576,true],"1536x1536":["https:\/\/infinite-blocks.de\/wp-content\/uploads\/2023\/12\/Plot_GG-Office-product-10-1536x864.webp",1536,864,true],"2048x2048":["https:\/\/infinite-blocks.de\/wp-content\/uploads\/2023\/12\/Plot_GG-Office-product-10.webp",1920,1080,false],"trp-custom-language-flag":["https:\/\/infinite-blocks.de\/wp-content\/uploads\/2023\/12\/Plot_GG-Office-product-10.webp",18,10,false],"woocommerce_thumbnail":["https:\/\/infinite-blocks.de\/wp-content\/uploads\/2023\/12\/Plot_GG-Office-product-10-600x338.webp",600,338,true],"woocommerce_single":["https:\/\/infinite-blocks.de\/wp-content\/uploads\/2023\/12\/Plot_GG-Office-product-10-600x338.webp",600,338,true],"woocommerce_gallery_thumbnail":["https:\/\/infinite-blocks.de\/wp-content\/uploads\/2023\/12\/Plot_GG-Office-product-10-100x100.webp",100,100,true]},"uagb_author_info":{"display_name":"Simon","author_link":"https:\/\/infinite-blocks.de\/de\/author\/simon\/"},"uagb_comment_info":0,"uagb_excerpt":"German \u2193 As of: 14.11.2025 Reviews on our website can only be submitted by customers with a registered user account, and only for products that they have actually purchased from us. The review function is therefore only activated after a purchase has been made. Kundenbewertungsauthenzit\u00e4t Stand: 14.11.2025 Bewertungen auf unserer Website k\u00f6nnen nur von Kunden&hellip;","_links":{"self":[{"href":"https:\/\/infinite-blocks.de\/de\/wp-json\/wp\/v2\/pages\/7455","targetHints":{"allow":["GET"]}}],"collection":[{"href":"https:\/\/infinite-blocks.de\/de\/wp-json\/wp\/v2\/pages"}],"about":[{"href":"https:\/\/infinite-blocks.de\/de\/wp-json\/wp\/v2\/types\/page"}],"author":[{"embeddable":true,"href":"https:\/\/infinite-blocks.de\/de\/wp-json\/wp\/v2\/users\/1"}],"replies":[{"embeddable":true,"href":"https:\/\/infinite-blocks.de\/de\/wp-json\/wp\/v2\/comments?post=7455"}],"version-history":[{"count":3,"href":"https:\/\/infinite-blocks.de\/de\/wp-json\/wp\/v2\/pages\/7455\/revisions"}],"predecessor-version":[{"id":9285,"href":"https:\/\/infinite-blocks.de\/de\/wp-json\/wp\/v2\/pages\/7455\/revisions\/9285"}],"up":[{"embeddable":true,"href":"https:\/\/infinite-blocks.de\/de\/wp-json\/wp\/v2\/pages\/2037"}],"wp:featuredmedia":[{"embeddable":true,"href":"https:\/\/infinite-blocks.de\/de\/wp-json\/wp\/v2\/media\/7847"}],"wp:attachment":[{"href":"https:\/\/infinite-blocks.de\/de\/wp-json\/wp\/v2\/media?parent=7455"}],"wp:term":[{"taxonomy":"author","embeddable":true,"href":"https:\/\/infinite-blocks.de\/de\/wp-json\/wp\/v2\/coauthors?post=7455"}],"curies":[{"name":"wp","href":"https:\/\/api.w.org\/{rel}","templated":true}]}}