{"id":8313,"date":"2024-10-28T16:21:47","date_gmt":"2024-10-28T15:21:47","guid":{"rendered":"https:\/\/infinite-blocks.de\/?page_id=8313"},"modified":"2025-11-14T09:04:03","modified_gmt":"2025-11-14T08:04:03","slug":"warranty","status":"publish","type":"page","link":"https:\/\/infinite-blocks.de\/de\/legal\/warranty\/","title":{"rendered":"Warranty information"},"content":{"rendered":"<p><a href=\"#german\">German \u2193<\/a><\/p>\n\n\n\n<p class=\"has-medium-font-size\"><i>As of: 14.11.2025<\/i><\/p>\n\n\n\n<p>Generally, no warranty is granted for individual digital downloads.<br>The customer retains access to the digital downloads of the licences they have purchased in their user account.<br>The software will continue to exist forever after correct installation and use, without external influences on the data carrier (which can provide warranty independently of the digital products). Apart from the storage medium, the products can be automatically updated to the latest game version by the game manufacturer Mojang after installation.<br>Usually, there is an expiration period of one year for access to the digital downloads, unless the user loses access to the user account or the digital download in an unforeseeable, irretrievable manner.<br>The provider reserves the right to make changes to the access of the digital downloads, which may result in incompatibility with the software used by the user when the software is re-installed. In this case, the user should request an individual installation order for his product from the provider.<\/p>\n\n\n\n<h2 class=\"wp-block-heading\" id=\"german\">Garantieleistungen<\/h2>\n\n\n\n<p class=\"has-medium-font-size\"><i>Stand: 14.11.2025<\/i><\/p>\n\n\n\n<p>Generell besteht keine Garantievergabe auf einzelne, digitale Downloads.<br>Der Kunde beh\u00e4lt in seinem Nutzerkonto den Zugriff auf die digitalen Downloads seiner erworbenen Lizenzen.<br>Die Software bleibt nach korrekter Installation und Anwendung, ohne \u00e4u\u00dferliche Einwirkungen auf den Datentr\u00e4ger (der unabh\u00e4ngig von den digitalen Produkten Garantie gew\u00e4hrleisten kann), ewig bestehen. Abgesehen vom Speichermedium lassen sich die Produkte nach Installation durch Updates vom Spielehersteller Mojang automatisch auf die neueste Spieleversion aktualisieren.<br>Auf den Zugriff der digitalen Downloads besteht i.d.R. ein Ablaufzeitraum von einem Jahr, es sei denn, der Nutzer oder der Verwender verliert den Zugriff auf das Nutzerkonto beziehungsweise den digitalen Download auf unvorhersehbare, unwiederbringliche Art und Weise.<br>Der Verwender beh\u00e4lt sich vor, \u00c4nderungen am Zugriff der digitalen Downloads vorzunehmen, wodurch bei erneutem Anwenden eine Inkompatibilit\u00e4t mit der vom Nutzer eingesetzten Software entstehen kann. In diesem Fall sollte der Nutzer beim Verwender einen individuellen Auftrag zur Installation seines Produkts anfragen.<\/p>","protected":false},"excerpt":{"rendered":"<p>German \u2193 As of: 14.11.2025 Generally, no warranty is granted for individual digital downloads.The customer retains access to the digital downloads of the licences they have purchased in their user account.The software will continue to exist forever after correct installation and use, without external influences on the data carrier (which can provide warranty independently of [&hellip;]<\/p>\n","protected":false},"author":1,"featured_media":7847,"parent":2037,"menu_order":0,"comment_status":"closed","ping_status":"closed","template":"","meta":{"_uag_custom_page_level_css":"","footnotes":""},"coauthors":[99],"class_list":["post-8313","page","type-page","status-publish","has-post-thumbnail","hentry"],"uagb_featured_image_src":{"full":["https:\/\/infinite-blocks.de\/wp-content\/uploads\/2023\/12\/Plot_GG-Office-product-10.webp",1920,1080,false],"thumbnail":["https:\/\/infinite-blocks.de\/wp-content\/uploads\/2023\/12\/Plot_GG-Office-product-10-300x300.webp",300,300,true],"medium":["https:\/\/infinite-blocks.de\/wp-content\/uploads\/2023\/12\/Plot_GG-Office-product-10-600x338.webp",600,338,true],"medium_large":["https:\/\/infinite-blocks.de\/wp-content\/uploads\/2023\/12\/Plot_GG-Office-product-10-768x432.webp",768,432,true],"large":["https:\/\/infinite-blocks.de\/wp-content\/uploads\/2023\/12\/Plot_GG-Office-product-10-1024x576.webp",1024,576,true],"1536x1536":["https:\/\/infinite-blocks.de\/wp-content\/uploads\/2023\/12\/Plot_GG-Office-product-10-1536x864.webp",1536,864,true],"2048x2048":["https:\/\/infinite-blocks.de\/wp-content\/uploads\/2023\/12\/Plot_GG-Office-product-10.webp",1920,1080,false],"trp-custom-language-flag":["https:\/\/infinite-blocks.de\/wp-content\/uploads\/2023\/12\/Plot_GG-Office-product-10.webp",18,10,false],"woocommerce_thumbnail":["https:\/\/infinite-blocks.de\/wp-content\/uploads\/2023\/12\/Plot_GG-Office-product-10-600x338.webp",600,338,true],"woocommerce_single":["https:\/\/infinite-blocks.de\/wp-content\/uploads\/2023\/12\/Plot_GG-Office-product-10-600x338.webp",600,338,true],"woocommerce_gallery_thumbnail":["https:\/\/infinite-blocks.de\/wp-content\/uploads\/2023\/12\/Plot_GG-Office-product-10-100x100.webp",100,100,true]},"uagb_author_info":{"display_name":"Simon","author_link":"https:\/\/infinite-blocks.de\/de\/author\/simon\/"},"uagb_comment_info":0,"uagb_excerpt":"German \u2193 As of: 14.11.2025 Generally, no warranty is granted for individual digital downloads.The customer retains access to the digital downloads of the licences they have purchased in their user account.The software will continue to exist forever after correct installation and use, without external influences on the data carrier (which can provide warranty independently of&hellip;","_links":{"self":[{"href":"https:\/\/infinite-blocks.de\/de\/wp-json\/wp\/v2\/pages\/8313","targetHints":{"allow":["GET"]}}],"collection":[{"href":"https:\/\/infinite-blocks.de\/de\/wp-json\/wp\/v2\/pages"}],"about":[{"href":"https:\/\/infinite-blocks.de\/de\/wp-json\/wp\/v2\/types\/page"}],"author":[{"embeddable":true,"href":"https:\/\/infinite-blocks.de\/de\/wp-json\/wp\/v2\/users\/1"}],"replies":[{"embeddable":true,"href":"https:\/\/infinite-blocks.de\/de\/wp-json\/wp\/v2\/comments?post=8313"}],"version-history":[{"count":6,"href":"https:\/\/infinite-blocks.de\/de\/wp-json\/wp\/v2\/pages\/8313\/revisions"}],"predecessor-version":[{"id":9281,"href":"https:\/\/infinite-blocks.de\/de\/wp-json\/wp\/v2\/pages\/8313\/revisions\/9281"}],"up":[{"embeddable":true,"href":"https:\/\/infinite-blocks.de\/de\/wp-json\/wp\/v2\/pages\/2037"}],"wp:featuredmedia":[{"embeddable":true,"href":"https:\/\/infinite-blocks.de\/de\/wp-json\/wp\/v2\/media\/7847"}],"wp:attachment":[{"href":"https:\/\/infinite-blocks.de\/de\/wp-json\/wp\/v2\/media?parent=8313"}],"wp:term":[{"taxonomy":"author","embeddable":true,"href":"https:\/\/infinite-blocks.de\/de\/wp-json\/wp\/v2\/coauthors?post=8313"}],"curies":[{"name":"wp","href":"https:\/\/api.w.org\/{rel}","templated":true}]}}