{"id":8575,"date":"2025-01-07T22:19:36","date_gmt":"2025-01-07T21:19:36","guid":{"rendered":"https:\/\/infinite-blocks.de\/?page_id=8575"},"modified":"2026-02-12T20:28:49","modified_gmt":"2026-02-12T19:28:49","slug":"how-to-order","status":"publish","type":"page","link":"https:\/\/infinite-blocks.de\/de\/shop\/how-to-order\/","title":{"rendered":"How to order"},"content":{"rendered":"<p><a href=\"#german\">German \u2193<\/a><\/p>\n\n\n\n<p>You can place an order in the shop by following these steps.<br>1) You can add items to your shopping basket by clicking on \u2018Add to basket\u2019. Select your preferred currency at the bottom of the page.<br>2) You can view all the items you have placed in your shopping basket by clicking on your cart icon and from there &#8216;View my cart&#8217;. Here you can also delete items or change the quantity.<br>3) If you want to buy the items in your shopping basket, click on \u2018Go to Checkout\u2019. This will take you to the order process.<br>4) In the order process, you first enter your delivery and payment data. Use the \u201cAdditional information\u201d field to enter your in-game name and PaysafeCard code(s) if necessary.<br>5) By clicking on the button &#8216;Buy now&#8217;, you are sending out your order. By doing so, you are offering the conclusion of a purchase contract. The information about the exact time of the conclusion of the contract can be found in the corresponding section in the terms and conditions.<br>6) You will receive an order confirmation and invoice by email. Immediately after receipt of payment, you will automatically receive access to download your digital product via a link sent by email. In addition, your product will be activated in your user account for one year for re-download in case of loss or damage.<\/p>\n\n\n\n<div class=\"wp-block-buttons is-layout-flex wp-block-buttons-is-layout-flex\">\n<div class=\"wp-block-button\"><a class=\"wp-block-button__link wp-element-button\" href=\"\/de\/shop\/\">Shop<\/a><\/div>\n<\/div>\n\n\n\n<h2 class=\"wp-block-heading\" id=\"german\">So bestellen Sie<\/h2>\n\n\n\n<p>Sie bestellen im Shop, indem Sie folgende Schritte durchlaufen.<br>1) Sie legen Artikel durch Klick auf &#8220;In den Warenkorb&#8221; unverbindlich in Ihren Warenkorb.<br>2) Alle Artikel, die Sie im Warenkorb abgelegt haben, k\u00f6nnen Sie einsehen, wenn Sie auf das Einkaufswagen-Symbol und von dort aus auf \u201eWarenkorb anzeigen\u201c klicken. Hier k\u00f6nnen Sie auch Artikel l\u00f6schen oder die Anzahl \u00e4ndern.<br>3) Wenn Sie die Artikel aus Ihrem Warenkorb kaufen m\u00f6chten, klicken Sie auf &#8220;Weiter zur Kasse&#8221;. Damit gelangen Sie zum Bestellvorgang.<br>4) Im Bestellvorgang geben Sie zun\u00e4chst Ihre Liefer- und Zahlungsdaten ein. Nutzen Sie das Feld &#8220;Anmerkungen zur Bestellung&#8221; um bei Bedarf Ihren In-game-Namen und PaysafeCard-Code(s) einzugeben.<br>5) Durch Klick auf den Button &#8220;Buy now&#8221; senden Sie Ihre Bestellung ab. Damit bieten Sie den Abschluss eines Kaufvertrags an. Die Information \u00fcber den exakten Zeitpunkt des Vertragsschlusses finden Sie im entsprechenden Abschnitt in den AGB.<br>6) Sie erhalten eine Bestellbest\u00e4tigung und Rechnung per E-Mail. Sie erhalten au\u00dferdem sofort nach Zahlungseingang automatisch Zugriff zum Download Ihres digitalen Produkts als Link per E-Mail. Zus\u00e4tzlich wird in Ihrem angelegten Nutzerkonto Ihr Produkt zum erneuten Download bei Verlust oder Besch\u00e4digung f\u00fcr ein Jahr freigeschaltet.<\/p>\n\n\n\n<div class=\"wp-block-buttons is-layout-flex wp-block-buttons-is-layout-flex\">\n<div class=\"wp-block-button\"><a class=\"wp-block-button__link wp-element-button\" href=\"\/de\/shop\/\">Laden<\/a><\/div>\n<\/div>","protected":false},"excerpt":{"rendered":"<p>German \u2193 You can place an order in the shop by following these steps.1) You can add items to your shopping basket by clicking on \u2018Add to basket\u2019. Select your preferred currency at the bottom of the page.2) You can view all the items you have placed in your shopping basket by clicking on your [&hellip;]<\/p>\n","protected":false},"author":1,"featured_media":7733,"parent":1954,"menu_order":0,"comment_status":"closed","ping_status":"closed","template":"","meta":{"_uag_custom_page_level_css":"","footnotes":""},"coauthors":[99],"class_list":["post-8575","page","type-page","status-publish","has-post-thumbnail","hentry"],"uagb_featured_image_src":{"full":["https:\/\/infinite-blocks.de\/wp-content\/uploads\/2023\/11\/Plot_GG-Shop3.webp",1920,1080,false],"thumbnail":["https:\/\/infinite-blocks.de\/wp-content\/uploads\/2023\/11\/Plot_GG-Shop3-300x300.webp",300,300,true],"medium":["https:\/\/infinite-blocks.de\/wp-content\/uploads\/2023\/11\/Plot_GG-Shop3-600x338.webp",600,338,true],"medium_large":["https:\/\/infinite-blocks.de\/wp-content\/uploads\/2023\/11\/Plot_GG-Shop3-768x432.webp",768,432,true],"large":["https:\/\/infinite-blocks.de\/wp-content\/uploads\/2023\/11\/Plot_GG-Shop3-1024x576.webp",1024,576,true],"1536x1536":["https:\/\/infinite-blocks.de\/wp-content\/uploads\/2023\/11\/Plot_GG-Shop3-1536x864.webp",1536,864,true],"2048x2048":["https:\/\/infinite-blocks.de\/wp-content\/uploads\/2023\/11\/Plot_GG-Shop3.webp",1920,1080,false],"trp-custom-language-flag":["https:\/\/infinite-blocks.de\/wp-content\/uploads\/2023\/11\/Plot_GG-Shop3.webp",18,10,false],"woocommerce_thumbnail":["https:\/\/infinite-blocks.de\/wp-content\/uploads\/2023\/11\/Plot_GG-Shop3-600x338.webp",600,338,true],"woocommerce_single":["https:\/\/infinite-blocks.de\/wp-content\/uploads\/2023\/11\/Plot_GG-Shop3-600x338.webp",600,338,true],"woocommerce_gallery_thumbnail":["https:\/\/infinite-blocks.de\/wp-content\/uploads\/2023\/11\/Plot_GG-Shop3-100x100.webp",100,100,true]},"uagb_author_info":{"display_name":"Simon","author_link":"https:\/\/infinite-blocks.de\/de\/author\/simon\/"},"uagb_comment_info":0,"uagb_excerpt":"German \u2193 You can place an order in the shop by following these steps.1) You can add items to your shopping basket by clicking on \u2018Add to basket\u2019. Select your preferred currency at the bottom of the page.2) You can view all the items you have placed in your shopping basket by clicking on your&hellip;","_links":{"self":[{"href":"https:\/\/infinite-blocks.de\/de\/wp-json\/wp\/v2\/pages\/8575","targetHints":{"allow":["GET"]}}],"collection":[{"href":"https:\/\/infinite-blocks.de\/de\/wp-json\/wp\/v2\/pages"}],"about":[{"href":"https:\/\/infinite-blocks.de\/de\/wp-json\/wp\/v2\/types\/page"}],"author":[{"embeddable":true,"href":"https:\/\/infinite-blocks.de\/de\/wp-json\/wp\/v2\/users\/1"}],"replies":[{"embeddable":true,"href":"https:\/\/infinite-blocks.de\/de\/wp-json\/wp\/v2\/comments?post=8575"}],"version-history":[{"count":6,"href":"https:\/\/infinite-blocks.de\/de\/wp-json\/wp\/v2\/pages\/8575\/revisions"}],"predecessor-version":[{"id":9540,"href":"https:\/\/infinite-blocks.de\/de\/wp-json\/wp\/v2\/pages\/8575\/revisions\/9540"}],"up":[{"embeddable":true,"href":"https:\/\/infinite-blocks.de\/de\/wp-json\/wp\/v2\/pages\/1954"}],"wp:featuredmedia":[{"embeddable":true,"href":"https:\/\/infinite-blocks.de\/de\/wp-json\/wp\/v2\/media\/7733"}],"wp:attachment":[{"href":"https:\/\/infinite-blocks.de\/de\/wp-json\/wp\/v2\/media?parent=8575"}],"wp:term":[{"taxonomy":"author","embeddable":true,"href":"https:\/\/infinite-blocks.de\/de\/wp-json\/wp\/v2\/coauthors?post=8575"}],"curies":[{"name":"wp","href":"https:\/\/api.w.org\/{rel}","templated":true}]}}