{"id":8862,"date":"2025-03-31T12:00:35","date_gmt":"2025-03-31T10:00:35","guid":{"rendered":"https:\/\/infinite-blocks.de\/?post_type=product&#038;p=8862"},"modified":"2026-04-02T20:20:25","modified_gmt":"2026-04-02T18:20:25","slug":"ultimate-player-base","status":"publish","type":"product","link":"https:\/\/infinite-blocks.de\/de\/shop\/collection\/structure\/ultimate-player-base\/","title":{"rendered":"Kebap\u00e7\u0131"},"content":{"rendered":"<p>\ud83e\udd59 Minecraft Kebap\u00e7\u0131 D\u00fckkan\u0131 \u2013 \u00dccretsiz \u0130ndirilebilir Harita<\/p>\n<p>Minecraft d\u00fcnyan\u0131za lezzetli bir dokunu\u015f katmaya haz\u0131r olun! Bu \u00f6zenle tasarlanm\u0131\u015f kebap\u00e7\u0131 d\u00fckk\u00e2n\u0131, ger\u00e7ek\u00e7i detaylar\u0131, s\u0131cak atmosferi ve canl\u0131 sokak hissiyle oyun deneyiminizi bir \u00fcst seviyeye ta\u015f\u0131yor. \u0130ster rol yapma sunucunuzda kullan\u0131n, ister \u015fehir haritan\u0131za ekleyin \u2014 bu yap\u0131 her ortama m\u00fckemmel uyum sa\u011flar.<\/p>\n<p>\u0130\u00e7 mek\u00e2nda detayl\u0131 haz\u0131rlanm\u0131\u015f mutfak alan\u0131, sipari\u015f tezg\u00e2h\u0131 ve oturma b\u00f6l\u00fcmleri bulunurken; d\u0131\u015f cephede dikkat \u00e7ekici tabelalar ve davetk\u00e2r bir vitrin sizi kar\u015f\u0131lar. Her blok, ger\u00e7ek bir kebap\u00e7\u0131n\u0131n ruhunu yans\u0131tacak \u015fekilde \u00f6zenle yerle\u015ftirilmi\u015ftir.<\/p>\n<p>\ud83d\udd25 \u00d6ne \u00c7\u0131kan \u00d6zellikler:<\/p>\n<p>Ger\u00e7ek\u00e7i kebap\u00e7\u0131 konsepti ve detayl\u0131 i\u00e7 tasar\u0131m<br \/>\n\u015eehir haritalar\u0131 ve roleplay sunucular\u0131 i\u00e7in ideal<br \/>\nH\u0131zl\u0131 kurulum \u2013 kolayca d\u00fcnyan\u0131za ekleyin<br \/>\nTamamen \u00fccretsiz indirilebilir<\/p>\n<p>Ve merak etmeyin\u2026 kebaplar %100 piksel garantili, kalori i\u00e7ermiyor \ud83d\ude09<br \/>\n(Ama sipari\u015f verirken \u201cac\u0131l\u0131 m\u0131 olsun?\u201d sorusuna dikkat\u2026 sonu\u00e7lar bekledi\u011finizden farkl\u0131 olabilir \ud83d\udc40)<\/p>\n<p>\ud83c\udf89 Bu yap\u0131, sadece bir d\u00fckk\u00e2n de\u011fil \u2014 ayn\u0131 zamanda oyunculara e\u011flenceli bir deneyim sunan k\u00fc\u00e7\u00fck bir s\u00fcrpriz de bar\u0131nd\u0131r\u0131yor. Kim bilir, belki de i\u00e7eri girdi\u011finizde men\u00fcde \u201cbug\u00fcne \u00f6zel\u201d bir \u015feyler vard\u0131r\u2026 \u00f6zellikle de takvimler 1 Nisan\u2019\u0131 g\u00f6steriyorsa \ud83d\ude04<\/p>","protected":false},"excerpt":{"rendered":"<p>\ud83e\udd59 Minecraft Kebap\u00e7\u0131 D\u00fckkan\u0131 \u2013 \u00dccretsiz \u0130ndirilebilir Harita Minecraft d\u00fcnyan\u0131za lezzetli bir dokunu\u015f katmaya haz\u0131r olun! Bu \u00f6zenle tasarlanm\u0131\u015f kebap\u00e7\u0131 d\u00fckk\u00e2n\u0131, ger\u00e7ek\u00e7i detaylar\u0131, s\u0131cak atmosferi ve canl\u0131 sokak hissiyle oyun deneyiminizi bir \u00fcst seviyeye ta\u015f\u0131yor. \u0130ster rol yapma sunucunuzda kullan\u0131n, ister \u015fehir haritan\u0131za ekleyin \u2014 bu yap\u0131 her ortama m\u00fckemmel uyum sa\u011flar. \u0130\u00e7 mek\u00e2nda detayl\u0131 [&hellip;]<\/p>\n","protected":false},"featured_media":10119,"comment_status":"closed","ping_status":"closed","template":"","meta":{"_uag_custom_page_level_css":""},"product_brand":[339],"product_cat":[134],"product_tag":[416,418,420,417,419,422,421,423,424,425],"class_list":{"0":"post-8862","1":"product","2":"type-product","3":"status-publish","4":"has-post-thumbnail","6":"product_brand-infiniteblocks","7":"product_cat-structure","8":"product_tag-april","9":"product_tag-doner","10":"product_tag-download","11":"product_tag-fools","12":"product_tag-free","13":"product_tag-funny","14":"product_tag-joke","15":"product_tag-meme","16":"product_tag-virus","17":"product_tag-warning","19":"first","20":"instock","21":"sale","22":"downloadable","23":"virtual","24":"sold-individually","25":"taxable","26":"purchasable","27":"product-type-simple"},"uagb_featured_image_src":{"full":["https:\/\/infinite-blocks.de\/wp-content\/uploads\/2025\/03\/World_Event_April-Fools-2026.webp",1536,1024,false],"thumbnail":["https:\/\/infinite-blocks.de\/wp-content\/uploads\/2025\/03\/World_Event_April-Fools-2026-300x300.webp",300,300,true],"medium":["https:\/\/infinite-blocks.de\/wp-content\/uploads\/2025\/03\/World_Event_April-Fools-2026-600x400.webp",600,400,true],"medium_large":["https:\/\/infinite-blocks.de\/wp-content\/uploads\/2025\/03\/World_Event_April-Fools-2026-768x512.webp",768,512,true],"large":["https:\/\/infinite-blocks.de\/wp-content\/uploads\/2025\/03\/World_Event_April-Fools-2026-1024x683.webp",1024,683,true],"1536x1536":["https:\/\/infinite-blocks.de\/wp-content\/uploads\/2025\/03\/World_Event_April-Fools-2026.webp",1536,1024,false],"2048x2048":["https:\/\/infinite-blocks.de\/wp-content\/uploads\/2025\/03\/World_Event_April-Fools-2026.webp",1536,1024,false],"trp-custom-language-flag":["https:\/\/infinite-blocks.de\/wp-content\/uploads\/2025\/03\/World_Event_April-Fools-2026-18x12.webp",18,12,true],"woocommerce_thumbnail":["https:\/\/infinite-blocks.de\/wp-content\/uploads\/2025\/03\/World_Event_April-Fools-2026-600x400.webp",600,400,true],"woocommerce_single":["https:\/\/infinite-blocks.de\/wp-content\/uploads\/2025\/03\/World_Event_April-Fools-2026-600x400.webp",600,400,true],"woocommerce_gallery_thumbnail":["https:\/\/infinite-blocks.de\/wp-content\/uploads\/2025\/03\/World_Event_April-Fools-2026-100x100.webp",100,100,true]},"uagb_author_info":{"display_name":"Simon","author_link":"https:\/\/infinite-blocks.de\/de\/author\/"},"uagb_comment_info":0,"uagb_excerpt":"\ud83e\udd59 Minecraft Kebap\u00e7\u0131 D\u00fckkan\u0131 \u2013 \u00dccretsiz \u0130ndirilebilir Harita Minecraft d\u00fcnyan\u0131za lezzetli bir dokunu\u015f katmaya haz\u0131r olun! Bu \u00f6zenle tasarlanm\u0131\u015f kebap\u00e7\u0131 d\u00fckk\u00e2n\u0131, ger\u00e7ek\u00e7i detaylar\u0131, s\u0131cak atmosferi ve canl\u0131 sokak hissiyle oyun deneyiminizi bir \u00fcst seviyeye ta\u015f\u0131yor. \u0130ster rol yapma sunucunuzda kullan\u0131n, ister \u015fehir haritan\u0131za ekleyin \u2014 bu yap\u0131 her ortama m\u00fckemmel uyum sa\u011flar. \u0130\u00e7 mek\u00e2nda detayl\u0131&hellip;","_links":{"self":[{"href":"https:\/\/infinite-blocks.de\/de\/wp-json\/wp\/v2\/product\/8862","targetHints":{"allow":["GET"]}}],"collection":[{"href":"https:\/\/infinite-blocks.de\/de\/wp-json\/wp\/v2\/product"}],"about":[{"href":"https:\/\/infinite-blocks.de\/de\/wp-json\/wp\/v2\/types\/product"}],"replies":[{"embeddable":true,"href":"https:\/\/infinite-blocks.de\/de\/wp-json\/wp\/v2\/comments?post=8862"}],"wp:featuredmedia":[{"embeddable":true,"href":"https:\/\/infinite-blocks.de\/de\/wp-json\/wp\/v2\/media\/10119"}],"wp:attachment":[{"href":"https:\/\/infinite-blocks.de\/de\/wp-json\/wp\/v2\/media?parent=8862"}],"wp:term":[{"taxonomy":"product_brand","embeddable":true,"href":"https:\/\/infinite-blocks.de\/de\/wp-json\/wp\/v2\/product_brand?post=8862"},{"taxonomy":"product_cat","embeddable":true,"href":"https:\/\/infinite-blocks.de\/de\/wp-json\/wp\/v2\/product_cat?post=8862"},{"taxonomy":"product_tag","embeddable":true,"href":"https:\/\/infinite-blocks.de\/de\/wp-json\/wp\/v2\/product_tag?post=8862"}],"curies":[{"name":"wp","href":"https:\/\/api.w.org\/{rel}","templated":true}]}}